{"id":2151,"date":"2022-07-20T07:46:16","date_gmt":"2022-07-20T07:46:16","guid":{"rendered":"https:\/\/modinatheme.com\/energyland\/?page_id=2151"},"modified":"2025-09-04T00:42:03","modified_gmt":"2025-09-04T00:42:03","slug":"iletisim","status":"publish","type":"page","link":"https:\/\/kenerji.net.tr\/index.php\/iletisim\/","title":{"rendered":"\u0130leti\u015fim"},"content":{"rendered":"\t\t<div data-elementor-type=\"wp-page\" data-elementor-id=\"2151\" class=\"elementor elementor-2151\">\n\t\t\t\t\t\t<section class=\"elementor-section elementor-top-section elementor-element elementor-element-a807be7 elementor-section-boxed elementor-section-height-default elementor-section-height-default\" data-id=\"a807be7\" data-element_type=\"section\" data-settings=\"{&quot;background_background&quot;:&quot;classic&quot;}\">\n\t\t\t\t\t\t<div class=\"elementor-container elementor-column-gap-default\">\n\t\t\t\t\t<div class=\"elementor-column elementor-col-50 elementor-top-column elementor-element elementor-element-bf41d90\" data-id=\"bf41d90\" data-element_type=\"column\">\n\t\t\t<div class=\"elementor-widget-wrap elementor-element-populated\">\n\t\t\t\t\t\t<div class=\"elementor-element elementor-element-7fda55b elementor-widget elementor-widget-modina_contact_form\" data-id=\"7fda55b\" data-element_type=\"widget\" data-widget_type=\"modina_contact_form.default\">\n\t\t\t\t<div class=\"elementor-widget-container\">\n\t\t\t\t\t                    <div class=\"request-quote-form-wrapper mt-5 mt-xl-0\">\r\n                            <div class=\"request-quote-form\">\r\n                \n<div class=\"wpcf7 no-js\" id=\"wpcf7-f3332-o1\" lang=\"en-US\" dir=\"ltr\" data-wpcf7-id=\"3332\">\n<div class=\"screen-reader-response\"><p role=\"status\" aria-live=\"polite\" aria-atomic=\"true\"><\/p> <ul><\/ul><\/div>\n<form action=\"\/index.php\/wp-json\/wp\/v2\/pages\/2151#wpcf7-f3332-o1\" method=\"post\" class=\"wpcf7-form init\" aria-label=\"Contact form\" novalidate=\"novalidate\" data-status=\"init\">\n<fieldset class=\"hidden-fields-container\"><input type=\"hidden\" name=\"_wpcf7\" value=\"3332\" \/><input type=\"hidden\" name=\"_wpcf7_version\" value=\"6.1.1\" \/><input type=\"hidden\" name=\"_wpcf7_locale\" value=\"en_US\" \/><input type=\"hidden\" name=\"_wpcf7_unit_tag\" value=\"wpcf7-f3332-o1\" \/><input type=\"hidden\" name=\"_wpcf7_container_post\" value=\"0\" \/><input type=\"hidden\" name=\"_wpcf7_posted_data_hash\" value=\"\" \/>\n<\/fieldset>\n<div class=\"row\">\n\t<div class=\"col-12\">\n\t\t<p><span class=\"wpcf7-form-control-wrap\" data-name=\"yname\"><input size=\"40\" maxlength=\"400\" class=\"wpcf7-form-control wpcf7-text wpcf7-validates-as-required\" aria-required=\"true\" aria-invalid=\"false\" placeholder=\"\u0130sim Soyisim\" value=\"\" type=\"text\" name=\"yname\" \/><\/span>\n\t\t<\/p>\n\t<\/div>\n\t<div class=\"col-12\">\n\t\t<p><span class=\"wpcf7-form-control-wrap\" data-name=\"yphone\"><input size=\"40\" maxlength=\"400\" class=\"wpcf7-form-control wpcf7-text wpcf7-validates-as-required\" aria-required=\"true\" aria-invalid=\"false\" placeholder=\"Telefon Numaras\u0131\" value=\"\" type=\"text\" name=\"yphone\" \/><\/span>\n\t\t<\/p>\n\t<\/div>\n\t<div class=\"col-12\">\n\t\t<p><span class=\"wpcf7-form-control-wrap\" data-name=\"yemail\"><input size=\"40\" maxlength=\"400\" class=\"wpcf7-form-control wpcf7-email wpcf7-validates-as-required wpcf7-text wpcf7-validates-as-email\" aria-required=\"true\" aria-invalid=\"false\" placeholder=\"E-posta Adresiniz\" value=\"\" type=\"email\" name=\"yemail\" \/><\/span>\n\t\t<\/p>\n\t<\/div>\n\t<div class=\"col-12\">\n\t\t<p><input class=\"wpcf7-form-control wpcf7-submit has-spinner theme-btn submit-btn\" type=\"submit\" value=\"G\u00f6nder\" \/>\n\t\t<\/p>\n\t<\/div>\n<\/div><div class=\"wpcf7-response-output\" aria-hidden=\"true\"><\/div>\n<\/form>\n<\/div>\n                <\/div>\r\n            <\/div>\r\n        \t\t\t\t<\/div>\n\t\t\t\t<\/div>\n\t\t\t\t\t<\/div>\n\t\t<\/div>\n\t\t\t\t<div class=\"elementor-column elementor-col-50 elementor-top-column elementor-element elementor-element-4685d0a elementor-hidden-tablet\" data-id=\"4685d0a\" data-element_type=\"column\">\n\t\t\t<div class=\"elementor-widget-wrap elementor-element-populated\">\n\t\t\t\t\t\t<div class=\"elementor-element elementor-element-c829d7e elementor-widget elementor-widget-image\" data-id=\"c829d7e\" data-element_type=\"widget\" data-widget_type=\"image.default\">\n\t\t\t\t\t\t\t\t\t\t\t\t\t\t\t<img fetchpriority=\"high\" decoding=\"async\" width=\"768\" height=\"890\" src=\"https:\/\/kenerji.net.tr\/wp-content\/uploads\/2022\/07\/energia_image12.jpeg\" class=\"attachment-large size-large wp-image-2609\" alt=\"\" srcset=\"https:\/\/kenerji.net.tr\/wp-content\/uploads\/2022\/07\/energia_image12.jpeg 768w, https:\/\/kenerji.net.tr\/wp-content\/uploads\/2022\/07\/energia_image12-259x300.jpeg 259w\" sizes=\"(max-width: 768px) 100vw, 768px\" \/>\t\t\t\t\t\t\t\t\t\t\t\t\t\t\t<\/div>\n\t\t\t\t\t<\/div>\n\t\t<\/div>\n\t\t\t\t\t<\/div>\n\t\t<\/section>\n\t\t\t\t<section class=\"elementor-section elementor-top-section elementor-element elementor-element-6d33d2e elementor-section-full_width elementor-section-height-default elementor-section-height-default\" data-id=\"6d33d2e\" data-element_type=\"section\">\n\t\t\t\t\t\t<div class=\"elementor-container elementor-column-gap-no\">\n\t\t\t\t\t<div class=\"elementor-column elementor-col-100 elementor-top-column elementor-element elementor-element-f911f7a\" data-id=\"f911f7a\" data-element_type=\"column\">\n\t\t\t<div class=\"elementor-widget-wrap elementor-element-populated\">\n\t\t\t\t\t\t<div class=\"elementor-element elementor-element-1dd32ac elementor-widget elementor-widget-html\" data-id=\"1dd32ac\" data-element_type=\"widget\" data-widget_type=\"html.default\">\n\t\t\t\t\t<iframe \r\n  src=\"https:\/\/www.google.com\/maps\/embed?pb=!1m18!1m12!1m3!1d3132.744253994262!2d31.15468151592561!3d39.02069897955392!2m3!1f0!2f0!3f0!3m2!1i1024!2i768!4f13.1!3m3!1m2!1s0x14cf54c8e67cb3b9%3A0x9a6d4b268c7a5f1c!2s3085.%20Sk.%2029%2C%2003600%20Emirda%C4%9F%2FAfyonkarahisar%2C%20T%C3%BCrkiye!5e0!3m2!1str!2str!4v1692900000000!5m2!1str!2str\" \r\n  width=\"100%\" \r\n  height=\"500\" \r\n  style=\"border:0;\" \r\n  allowfullscreen=\"\" \r\n  loading=\"lazy\" \r\n  referrerpolicy=\"no-referrer-when-downgrade\">\r\n<\/iframe>\r\n\r\n\r\n\t\t\t\t<\/div>\n\t\t\t\t\t<\/div>\n\t\t<\/div>\n\t\t\t\t\t<\/div>\n\t\t<\/section>\n\t\t\t\t<\/div>\n\t\t","protected":false},"excerpt":{"rendered":"","protected":false},"author":1,"featured_media":0,"parent":0,"menu_order":0,"comment_status":"closed","ping_status":"closed","template":"elementor_header_footer","meta":{"_acf_changed":false,"_monsterinsights_skip_tracking":false,"_monsterinsights_sitenote_active":false,"_monsterinsights_sitenote_note":"","_monsterinsights_sitenote_category":0,"footnotes":""},"class_list":["post-2151","page","type-page","status-publish","hentry"],"acf":[],"yoast_head":"<!-- This site is optimized with the Yoast SEO plugin v25.6 - https:\/\/yoast.com\/wordpress\/plugins\/seo\/ -->\n<title>\u0130leti\u015fim - Kenerji.net.tr<\/title>\n<meta name=\"robots\" content=\"index, follow, max-snippet:-1, max-image-preview:large, max-video-preview:-1\" \/>\n<link rel=\"canonical\" href=\"https:\/\/kenerji.net.tr\/index.php\/iletisim\/\" \/>\n<meta property=\"og:locale\" content=\"tr_TR\" \/>\n<meta property=\"og:type\" content=\"article\" \/>\n<meta property=\"og:title\" content=\"\u0130leti\u015fim - Kenerji.net.tr\" \/>\n<meta property=\"og:url\" content=\"https:\/\/kenerji.net.tr\/index.php\/iletisim\/\" \/>\n<meta property=\"og:site_name\" content=\"Kenerji.net.tr\" \/>\n<meta property=\"article:modified_time\" content=\"2025-09-04T00:42:03+00:00\" \/>\n<meta property=\"og:image\" content=\"https:\/\/kenerji.net.tr\/wp-content\/uploads\/2022\/07\/energia_image12.jpeg\" \/>\n\t<meta property=\"og:image:width\" content=\"768\" \/>\n\t<meta property=\"og:image:height\" content=\"890\" \/>\n\t<meta property=\"og:image:type\" content=\"image\/jpeg\" \/>\n<meta name=\"twitter:card\" content=\"summary_large_image\" \/>\n<script type=\"application\/ld+json\" class=\"yoast-schema-graph\">{\"@context\":\"https:\/\/schema.org\",\"@graph\":[{\"@type\":\"WebPage\",\"@id\":\"https:\/\/kenerji.net.tr\/index.php\/iletisim\/\",\"url\":\"https:\/\/kenerji.net.tr\/index.php\/iletisim\/\",\"name\":\"\u0130leti\u015fim - Kenerji.net.tr\",\"isPartOf\":{\"@id\":\"https:\/\/kenerji.net.tr\/#website\"},\"primaryImageOfPage\":{\"@id\":\"https:\/\/kenerji.net.tr\/index.php\/iletisim\/#primaryimage\"},\"image\":{\"@id\":\"https:\/\/kenerji.net.tr\/index.php\/iletisim\/#primaryimage\"},\"thumbnailUrl\":\"https:\/\/kenerji.net.tr\/wp-content\/uploads\/2022\/07\/energia_image12.jpeg\",\"datePublished\":\"2022-07-20T07:46:16+00:00\",\"dateModified\":\"2025-09-04T00:42:03+00:00\",\"breadcrumb\":{\"@id\":\"https:\/\/kenerji.net.tr\/index.php\/iletisim\/#breadcrumb\"},\"inLanguage\":\"tr\",\"potentialAction\":[{\"@type\":\"ReadAction\",\"target\":[\"https:\/\/kenerji.net.tr\/index.php\/iletisim\/\"]}]},{\"@type\":\"ImageObject\",\"inLanguage\":\"tr\",\"@id\":\"https:\/\/kenerji.net.tr\/index.php\/iletisim\/#primaryimage\",\"url\":\"https:\/\/kenerji.net.tr\/wp-content\/uploads\/2022\/07\/energia_image12.jpeg\",\"contentUrl\":\"https:\/\/kenerji.net.tr\/wp-content\/uploads\/2022\/07\/energia_image12.jpeg\",\"width\":768,\"height\":890},{\"@type\":\"BreadcrumbList\",\"@id\":\"https:\/\/kenerji.net.tr\/index.php\/iletisim\/#breadcrumb\",\"itemListElement\":[{\"@type\":\"ListItem\",\"position\":1,\"name\":\"Anasayfa\",\"item\":\"https:\/\/kenerji.net.tr\/\"},{\"@type\":\"ListItem\",\"position\":2,\"name\":\"\u0130leti\u015fim\"}]},{\"@type\":\"WebSite\",\"@id\":\"https:\/\/kenerji.net.tr\/#website\",\"url\":\"https:\/\/kenerji.net.tr\/\",\"name\":\"Kenerji.net.tr\",\"description\":\"Gelece\u011finize Yat\u0131r\u0131m Yap\u0131n !\",\"publisher\":{\"@id\":\"https:\/\/kenerji.net.tr\/#organization\"},\"potentialAction\":[{\"@type\":\"SearchAction\",\"target\":{\"@type\":\"EntryPoint\",\"urlTemplate\":\"https:\/\/kenerji.net.tr\/?s={search_term_string}\"},\"query-input\":{\"@type\":\"PropertyValueSpecification\",\"valueRequired\":true,\"valueName\":\"search_term_string\"}}],\"inLanguage\":\"tr\"},{\"@type\":\"Organization\",\"@id\":\"https:\/\/kenerji.net.tr\/#organization\",\"name\":\"Kenerji.net.tr\",\"url\":\"https:\/\/kenerji.net.tr\/\",\"logo\":{\"@type\":\"ImageObject\",\"inLanguage\":\"tr\",\"@id\":\"https:\/\/kenerji.net.tr\/#\/schema\/logo\/image\/\",\"url\":\"https:\/\/kenerji.net.tr\/wp-content\/uploads\/2025\/08\/cropped-k2.png\",\"contentUrl\":\"https:\/\/kenerji.net.tr\/wp-content\/uploads\/2025\/08\/cropped-k2.png\",\"width\":500,\"height\":500,\"caption\":\"Kenerji.net.tr\"},\"image\":{\"@id\":\"https:\/\/kenerji.net.tr\/#\/schema\/logo\/image\/\"}}]}<\/script>\n<!-- \/ Yoast SEO plugin. -->","yoast_head_json":{"title":"\u0130leti\u015fim - Kenerji.net.tr","robots":{"index":"index","follow":"follow","max-snippet":"max-snippet:-1","max-image-preview":"max-image-preview:large","max-video-preview":"max-video-preview:-1"},"canonical":"https:\/\/kenerji.net.tr\/index.php\/iletisim\/","og_locale":"tr_TR","og_type":"article","og_title":"\u0130leti\u015fim - Kenerji.net.tr","og_url":"https:\/\/kenerji.net.tr\/index.php\/iletisim\/","og_site_name":"Kenerji.net.tr","article_modified_time":"2025-09-04T00:42:03+00:00","og_image":[{"width":768,"height":890,"url":"https:\/\/kenerji.net.tr\/wp-content\/uploads\/2022\/07\/energia_image12.jpeg","type":"image\/jpeg"}],"twitter_card":"summary_large_image","schema":{"@context":"https:\/\/schema.org","@graph":[{"@type":"WebPage","@id":"https:\/\/kenerji.net.tr\/index.php\/iletisim\/","url":"https:\/\/kenerji.net.tr\/index.php\/iletisim\/","name":"\u0130leti\u015fim - Kenerji.net.tr","isPartOf":{"@id":"https:\/\/kenerji.net.tr\/#website"},"primaryImageOfPage":{"@id":"https:\/\/kenerji.net.tr\/index.php\/iletisim\/#primaryimage"},"image":{"@id":"https:\/\/kenerji.net.tr\/index.php\/iletisim\/#primaryimage"},"thumbnailUrl":"https:\/\/kenerji.net.tr\/wp-content\/uploads\/2022\/07\/energia_image12.jpeg","datePublished":"2022-07-20T07:46:16+00:00","dateModified":"2025-09-04T00:42:03+00:00","breadcrumb":{"@id":"https:\/\/kenerji.net.tr\/index.php\/iletisim\/#breadcrumb"},"inLanguage":"tr","potentialAction":[{"@type":"ReadAction","target":["https:\/\/kenerji.net.tr\/index.php\/iletisim\/"]}]},{"@type":"ImageObject","inLanguage":"tr","@id":"https:\/\/kenerji.net.tr\/index.php\/iletisim\/#primaryimage","url":"https:\/\/kenerji.net.tr\/wp-content\/uploads\/2022\/07\/energia_image12.jpeg","contentUrl":"https:\/\/kenerji.net.tr\/wp-content\/uploads\/2022\/07\/energia_image12.jpeg","width":768,"height":890},{"@type":"BreadcrumbList","@id":"https:\/\/kenerji.net.tr\/index.php\/iletisim\/#breadcrumb","itemListElement":[{"@type":"ListItem","position":1,"name":"Anasayfa","item":"https:\/\/kenerji.net.tr\/"},{"@type":"ListItem","position":2,"name":"\u0130leti\u015fim"}]},{"@type":"WebSite","@id":"https:\/\/kenerji.net.tr\/#website","url":"https:\/\/kenerji.net.tr\/","name":"Kenerji.net.tr","description":"Gelece\u011finize Yat\u0131r\u0131m Yap\u0131n !","publisher":{"@id":"https:\/\/kenerji.net.tr\/#organization"},"potentialAction":[{"@type":"SearchAction","target":{"@type":"EntryPoint","urlTemplate":"https:\/\/kenerji.net.tr\/?s={search_term_string}"},"query-input":{"@type":"PropertyValueSpecification","valueRequired":true,"valueName":"search_term_string"}}],"inLanguage":"tr"},{"@type":"Organization","@id":"https:\/\/kenerji.net.tr\/#organization","name":"Kenerji.net.tr","url":"https:\/\/kenerji.net.tr\/","logo":{"@type":"ImageObject","inLanguage":"tr","@id":"https:\/\/kenerji.net.tr\/#\/schema\/logo\/image\/","url":"https:\/\/kenerji.net.tr\/wp-content\/uploads\/2025\/08\/cropped-k2.png","contentUrl":"https:\/\/kenerji.net.tr\/wp-content\/uploads\/2025\/08\/cropped-k2.png","width":500,"height":500,"caption":"Kenerji.net.tr"},"image":{"@id":"https:\/\/kenerji.net.tr\/#\/schema\/logo\/image\/"}}]}},"_links":{"self":[{"href":"https:\/\/kenerji.net.tr\/index.php\/wp-json\/wp\/v2\/pages\/2151","targetHints":{"allow":["GET"]}}],"collection":[{"href":"https:\/\/kenerji.net.tr\/index.php\/wp-json\/wp\/v2\/pages"}],"about":[{"href":"https:\/\/kenerji.net.tr\/index.php\/wp-json\/wp\/v2\/types\/page"}],"author":[{"embeddable":true,"href":"https:\/\/kenerji.net.tr\/index.php\/wp-json\/wp\/v2\/users\/1"}],"replies":[{"embeddable":true,"href":"https:\/\/kenerji.net.tr\/index.php\/wp-json\/wp\/v2\/comments?post=2151"}],"version-history":[{"count":14,"href":"https:\/\/kenerji.net.tr\/index.php\/wp-json\/wp\/v2\/pages\/2151\/revisions"}],"predecessor-version":[{"id":4273,"href":"https:\/\/kenerji.net.tr\/index.php\/wp-json\/wp\/v2\/pages\/2151\/revisions\/4273"}],"wp:attachment":[{"href":"https:\/\/kenerji.net.tr\/index.php\/wp-json\/wp\/v2\/media?parent=2151"}],"curies":[{"name":"wp","href":"https:\/\/api.w.org\/{rel}","templated":true}]}}