{"id":3822,"date":"2022-07-07T18:40:20","date_gmt":"2022-07-07T18:40:20","guid":{"rendered":"https:\/\/modinatheme.com\/energyland\/?page_id=3"},"modified":"2025-08-23T16:04:16","modified_gmt":"2025-08-23T16:04:16","slug":"privacy-policy-2","status":"publish","type":"page","link":"https:\/\/kenerji.net.tr\/index.php\/privacy-policy-2\/","title":{"rendered":"Gizlilik Politikas\u0131"},"content":{"rendered":"\r\n<p data-start=\"200\" data-end=\"492\"><strong data-start=\"200\" data-end=\"212\">K Enerji<\/strong> olarak, ki\u015fisel verilerinizi korumak ve gizlili\u011finizi g\u00fcvence alt\u0131na almak en \u00f6nemli \u00f6nceliklerimizden biridir. Bu gizlilik politikas\u0131, web sitemizi ziyaret etti\u011finizde veya hizmetlerimizden faydaland\u0131\u011f\u0131n\u0131zda toplanan bilgilerin nas\u0131l i\u015flendi\u011fini ve korundu\u011funu a\u00e7\u0131klamaktad\u0131r.<\/p>\r\n<h3 class=\"wp-block-heading\" data-start=\"494\" data-end=\"520\">1. Toplanan Bilgiler<\/h3>\r\n<p data-start=\"521\" data-end=\"621\">Web sitemizi ziyaret etti\u011finizde veya bizimle ileti\u015fime ge\u00e7ti\u011finizde \u015fu t\u00fcr bilgiler toplanabilir:<\/p>\r\n<ul data-start=\"622\" data-end=\"796\">\r\n<li data-start=\"622\" data-end=\"678\">\r\n<p data-start=\"624\" data-end=\"678\">Ad, soyad, ileti\u015fim bilgileri (telefon, e-posta vb.)<\/p>\r\n<\/li>\r\n<li data-start=\"679\" data-end=\"721\">\r\n<p data-start=\"681\" data-end=\"721\">\u015eirket bilgileri ve proje talepleriniz<\/p>\r\n<\/li>\r\n<li data-start=\"722\" data-end=\"796\">\r\n<p data-start=\"724\" data-end=\"796\">IP adresi, taray\u0131c\u0131 t\u00fcr\u00fc, ziyaret tarihi ve zaman\u0131 gibi teknik veriler<\/p>\r\n<\/li>\r\n<\/ul>\r\n<h3 data-start=\"798\" data-end=\"826\">2. Verilerin Kullan\u0131m\u0131<\/h3>\r\n<p data-start=\"827\" data-end=\"895\">Toplanan ki\u015fisel verileriniz a\u015fa\u011f\u0131daki ama\u00e7larla kullan\u0131lmaktad\u0131r:<\/p>\r\n<ul data-start=\"896\" data-end=\"1138\">\r\n<li data-start=\"896\" data-end=\"956\">\r\n<p data-start=\"898\" data-end=\"956\">Size hizmet sunmak, teklif haz\u0131rlamak ve ileti\u015fim kurmak<\/p>\r\n<\/li>\r\n<li data-start=\"957\" data-end=\"1022\">\r\n<p data-start=\"959\" data-end=\"1022\">Web sitemizi geli\u015ftirmek ve kullan\u0131c\u0131 deneyimini iyile\u015ftirmek<\/p>\r\n<\/li>\r\n<li data-start=\"1023\" data-end=\"1063\">\r\n<p data-start=\"1025\" data-end=\"1063\">Yasal y\u00fck\u00fcml\u00fcl\u00fckleri yerine getirmek<\/p>\r\n<\/li>\r\n<li data-start=\"1064\" data-end=\"1138\">\r\n<p data-start=\"1066\" data-end=\"1138\">\u0130zin vermeniz halinde pazarlama ve bilgilendirme faaliyetleri y\u00fcr\u00fctmek<\/p>\r\n<\/li>\r\n<\/ul>\r\n<h3 data-start=\"1140\" data-end=\"1168\">3. Verilerin Korunmas\u0131<\/h3>\r\n<p data-start=\"1169\" data-end=\"1298\">K Enerji, ki\u015fisel verilerinizi g\u00fcvenli sunucularda saklar ve yetkisiz eri\u015fime kar\u015f\u0131 gerekli t\u00fcm teknik ve idari \u00f6nlemleri al\u0131r.<\/p>\r\n<h3 data-start=\"1300\" data-end=\"1328\">4. Verilerin Payla\u015f\u0131m\u0131<\/h3>\r\n<p data-start=\"1329\" data-end=\"1414\">Ki\u015fisel verileriniz, yaln\u0131zca a\u015fa\u011f\u0131daki durumlarda \u00fc\u00e7\u00fcnc\u00fc ki\u015filerle payla\u015f\u0131labilir:<\/p>\r\n<ul data-start=\"1415\" data-end=\"1586\">\r\n<li data-start=\"1415\" data-end=\"1472\">\r\n<p data-start=\"1417\" data-end=\"1472\">Yasal y\u00fck\u00fcml\u00fcl\u00fcklerin yerine getirilmesi gerekti\u011finde<\/p>\r\n<\/li>\r\n<li data-start=\"1473\" data-end=\"1551\">\r\n<p data-start=\"1475\" data-end=\"1551\">Hizmetlerin y\u00fcr\u00fct\u00fclmesi i\u00e7in i\u015f ortaklar\u0131 ve tedarik\u00e7ilerle s\u0131n\u0131rl\u0131 olarak<\/p>\r\n<\/li>\r\n<li data-start=\"1552\" data-end=\"1586\">\r\n<p data-start=\"1554\" data-end=\"1586\">A\u00e7\u0131k r\u0131zan\u0131z bulunmas\u0131 halinde<\/p>\r\n<\/li>\r\n<\/ul>\r\n<h3 data-start=\"1588\" data-end=\"1615\">5. \u00c7erezler (Cookies)<\/h3>\r\n<p data-start=\"1616\" data-end=\"1758\">Web sitemiz, kullan\u0131c\u0131 deneyimini geli\u015ftirmek amac\u0131yla \u00e7erezler kullanmaktad\u0131r. \u00c7erez tercihlerinizi taray\u0131c\u0131 ayarlar\u0131ndan y\u00f6netebilirsiniz.<\/p>\r\n<h3 data-start=\"1760\" data-end=\"1779\">6. Haklar\u0131n\u0131z<\/h3>\r\n<p data-start=\"1780\" data-end=\"1873\">6698 say\u0131l\u0131 <strong data-start=\"1792\" data-end=\"1837\">Ki\u015fisel Verilerin Korunmas\u0131 Kanunu (KVKK)<\/strong> kapsam\u0131nda \u015fu haklara sahipsiniz:<\/p>\r\n<ul data-start=\"1874\" data-end=\"2170\">\r\n<li data-start=\"1874\" data-end=\"1929\">\r\n<p data-start=\"1876\" data-end=\"1929\">Ki\u015fisel verilerinizin i\u015flenip i\u015flenmedi\u011fini \u00f6\u011frenme<\/p>\r\n<\/li>\r\n<li data-start=\"1930\" data-end=\"1974\">\r\n<p data-start=\"1932\" data-end=\"1974\">\u0130\u015flenmi\u015fse buna ili\u015fkin bilgi talep etme<\/p>\r\n<\/li>\r\n<li data-start=\"1975\" data-end=\"2037\">\r\n<p data-start=\"1977\" data-end=\"2037\">Yanl\u0131\u015f veya eksik i\u015flenmi\u015f verilerin d\u00fczeltilmesini isteme<\/p>\r\n<\/li>\r\n<li data-start=\"2038\" data-end=\"2098\">\r\n<p data-start=\"2040\" data-end=\"2098\">Verilerinizin silinmesini veya yok edilmesini talep etme<\/p>\r\n<\/li>\r\n<li data-start=\"2099\" data-end=\"2170\">\r\n<p data-start=\"2101\" data-end=\"2170\">\u0130\u015flemenin hukuka ayk\u0131r\u0131 olmas\u0131 halinde zarar\u0131n giderilmesini isteme<\/p>\r\n<\/li>\r\n<\/ul>\r\n<h3 data-start=\"2172\" data-end=\"2189\">7. \u0130leti\u015fim<\/h3>\r\n<p data-start=\"2190\" data-end=\"2312\">Gizlilik politikam\u0131z hakk\u0131nda sorular\u0131n\u0131z olursa veya haklar\u0131n\u0131z\u0131 kullanmak isterseniz bizimle ileti\u015fime ge\u00e7ebilirsiniz:<\/p>\r\n<p data-start=\"2314\" data-end=\"2422\">\ud83d\udccd Adres: [&#8230;&#8230;&#8230;&#8230;&#8230;&#8230;&#8230;&#8230;&#8230;]<br data-start=\"2356\" data-end=\"2359\" \/>\ud83d\udce7 E-posta: [&#8230;&#8230;&#8230;&#8230;&#8230;&#8230;&#8230;&#8230;..]<br data-start=\"2387\" data-end=\"2390\" \/>\ud83d\udcde Telefon: [&#8230;&#8230;&#8230;&#8230;&#8230;&#8230;&#8230;&#8230;&#8230;&#8230;&#8230;.]<\/p>\r\n","protected":false},"excerpt":{"rendered":"<p>K Enerji olarak, ki\u015fisel verilerinizi korumak ve gizlili\u011finizi g\u00fcvence alt\u0131na almak en \u00f6nemli \u00f6nceliklerimizden biridir. Bu gizlilik politikas\u0131, web sitemizi ziyaret etti\u011finizde veya hizmetlerimizden faydaland\u0131\u011f\u0131n\u0131zda toplanan bilgilerin nas\u0131l i\u015flendi\u011fini ve korundu\u011funu a\u00e7\u0131klamaktad\u0131r. 1. Toplanan Bilgiler Web sitemizi ziyaret etti\u011finizde veya bizimle ileti\u015fime ge\u00e7ti\u011finizde \u015fu t\u00fcr bilgiler toplanabilir: Ad, soyad, ileti\u015fim bilgileri (telefon, e-posta vb.) \u015eirket [&hellip;]<\/p>\n","protected":false},"author":1,"featured_media":0,"parent":0,"menu_order":0,"comment_status":"closed","ping_status":"open","template":"","meta":{"_acf_changed":false,"_monsterinsights_skip_tracking":false,"_monsterinsights_sitenote_active":false,"_monsterinsights_sitenote_note":"","_monsterinsights_sitenote_category":0,"footnotes":""},"class_list":["post-3822","page","type-page","status-publish","hentry"],"acf":[],"yoast_head":"<!-- This site is optimized with the Yoast SEO plugin v25.6 - https:\/\/yoast.com\/wordpress\/plugins\/seo\/ -->\n<title>Gizlilik Politikas\u0131 - Kenerji.net.tr<\/title>\n<meta name=\"robots\" content=\"index, follow, max-snippet:-1, max-image-preview:large, max-video-preview:-1\" \/>\n<link rel=\"canonical\" href=\"https:\/\/kenerji.net.tr\/index.php\/privacy-policy-2\/\" \/>\n<meta property=\"og:locale\" content=\"tr_TR\" \/>\n<meta property=\"og:type\" content=\"article\" \/>\n<meta property=\"og:title\" content=\"Gizlilik Politikas\u0131 - Kenerji.net.tr\" \/>\n<meta property=\"og:description\" content=\"K Enerji olarak, ki\u015fisel verilerinizi korumak ve gizlili\u011finizi g\u00fcvence alt\u0131na almak en \u00f6nemli \u00f6nceliklerimizden biridir. Bu gizlilik politikas\u0131, web sitemizi ziyaret etti\u011finizde veya hizmetlerimizden faydaland\u0131\u011f\u0131n\u0131zda toplanan bilgilerin nas\u0131l i\u015flendi\u011fini ve korundu\u011funu a\u00e7\u0131klamaktad\u0131r. 1. Toplanan Bilgiler Web sitemizi ziyaret etti\u011finizde veya bizimle ileti\u015fime ge\u00e7ti\u011finizde \u015fu t\u00fcr bilgiler toplanabilir: Ad, soyad, ileti\u015fim bilgileri (telefon, e-posta vb.) \u015eirket [&hellip;]\" \/>\n<meta property=\"og:url\" content=\"https:\/\/kenerji.net.tr\/index.php\/privacy-policy-2\/\" \/>\n<meta property=\"og:site_name\" content=\"Kenerji.net.tr\" \/>\n<meta property=\"article:modified_time\" content=\"2025-08-23T16:04:16+00:00\" \/>\n<meta name=\"twitter:card\" content=\"summary_large_image\" \/>\n<meta name=\"twitter:label1\" content=\"Tahmini okuma s\u00fcresi\" \/>\n\t<meta name=\"twitter:data1\" content=\"2 dakika\" \/>\n<script type=\"application\/ld+json\" class=\"yoast-schema-graph\">{\"@context\":\"https:\/\/schema.org\",\"@graph\":[{\"@type\":\"WebPage\",\"@id\":\"https:\/\/kenerji.net.tr\/index.php\/privacy-policy-2\/\",\"url\":\"https:\/\/kenerji.net.tr\/index.php\/privacy-policy-2\/\",\"name\":\"Gizlilik Politikas\u0131 - Kenerji.net.tr\",\"isPartOf\":{\"@id\":\"https:\/\/kenerji.net.tr\/#website\"},\"datePublished\":\"2022-07-07T18:40:20+00:00\",\"dateModified\":\"2025-08-23T16:04:16+00:00\",\"breadcrumb\":{\"@id\":\"https:\/\/kenerji.net.tr\/index.php\/privacy-policy-2\/#breadcrumb\"},\"inLanguage\":\"tr\",\"potentialAction\":[{\"@type\":\"ReadAction\",\"target\":[\"https:\/\/kenerji.net.tr\/index.php\/privacy-policy-2\/\"]}]},{\"@type\":\"BreadcrumbList\",\"@id\":\"https:\/\/kenerji.net.tr\/index.php\/privacy-policy-2\/#breadcrumb\",\"itemListElement\":[{\"@type\":\"ListItem\",\"position\":1,\"name\":\"Anasayfa\",\"item\":\"https:\/\/kenerji.net.tr\/\"},{\"@type\":\"ListItem\",\"position\":2,\"name\":\"Gizlilik Politikas\u0131\"}]},{\"@type\":\"WebSite\",\"@id\":\"https:\/\/kenerji.net.tr\/#website\",\"url\":\"https:\/\/kenerji.net.tr\/\",\"name\":\"Kenerji.net.tr\",\"description\":\"Gelece\u011finize Yat\u0131r\u0131m Yap\u0131n !\",\"publisher\":{\"@id\":\"https:\/\/kenerji.net.tr\/#organization\"},\"potentialAction\":[{\"@type\":\"SearchAction\",\"target\":{\"@type\":\"EntryPoint\",\"urlTemplate\":\"https:\/\/kenerji.net.tr\/?s={search_term_string}\"},\"query-input\":{\"@type\":\"PropertyValueSpecification\",\"valueRequired\":true,\"valueName\":\"search_term_string\"}}],\"inLanguage\":\"tr\"},{\"@type\":\"Organization\",\"@id\":\"https:\/\/kenerji.net.tr\/#organization\",\"name\":\"Kenerji.net.tr\",\"url\":\"https:\/\/kenerji.net.tr\/\",\"logo\":{\"@type\":\"ImageObject\",\"inLanguage\":\"tr\",\"@id\":\"https:\/\/kenerji.net.tr\/#\/schema\/logo\/image\/\",\"url\":\"https:\/\/kenerji.net.tr\/wp-content\/uploads\/2025\/08\/cropped-k2.png\",\"contentUrl\":\"https:\/\/kenerji.net.tr\/wp-content\/uploads\/2025\/08\/cropped-k2.png\",\"width\":500,\"height\":500,\"caption\":\"Kenerji.net.tr\"},\"image\":{\"@id\":\"https:\/\/kenerji.net.tr\/#\/schema\/logo\/image\/\"}}]}<\/script>\n<!-- \/ Yoast SEO plugin. -->","yoast_head_json":{"title":"Gizlilik Politikas\u0131 - Kenerji.net.tr","robots":{"index":"index","follow":"follow","max-snippet":"max-snippet:-1","max-image-preview":"max-image-preview:large","max-video-preview":"max-video-preview:-1"},"canonical":"https:\/\/kenerji.net.tr\/index.php\/privacy-policy-2\/","og_locale":"tr_TR","og_type":"article","og_title":"Gizlilik Politikas\u0131 - Kenerji.net.tr","og_description":"K Enerji olarak, ki\u015fisel verilerinizi korumak ve gizlili\u011finizi g\u00fcvence alt\u0131na almak en \u00f6nemli \u00f6nceliklerimizden biridir. Bu gizlilik politikas\u0131, web sitemizi ziyaret etti\u011finizde veya hizmetlerimizden faydaland\u0131\u011f\u0131n\u0131zda toplanan bilgilerin nas\u0131l i\u015flendi\u011fini ve korundu\u011funu a\u00e7\u0131klamaktad\u0131r. 1. Toplanan Bilgiler Web sitemizi ziyaret etti\u011finizde veya bizimle ileti\u015fime ge\u00e7ti\u011finizde \u015fu t\u00fcr bilgiler toplanabilir: Ad, soyad, ileti\u015fim bilgileri (telefon, e-posta vb.) \u015eirket [&hellip;]","og_url":"https:\/\/kenerji.net.tr\/index.php\/privacy-policy-2\/","og_site_name":"Kenerji.net.tr","article_modified_time":"2025-08-23T16:04:16+00:00","twitter_card":"summary_large_image","twitter_misc":{"Tahmini okuma s\u00fcresi":"2 dakika"},"schema":{"@context":"https:\/\/schema.org","@graph":[{"@type":"WebPage","@id":"https:\/\/kenerji.net.tr\/index.php\/privacy-policy-2\/","url":"https:\/\/kenerji.net.tr\/index.php\/privacy-policy-2\/","name":"Gizlilik Politikas\u0131 - Kenerji.net.tr","isPartOf":{"@id":"https:\/\/kenerji.net.tr\/#website"},"datePublished":"2022-07-07T18:40:20+00:00","dateModified":"2025-08-23T16:04:16+00:00","breadcrumb":{"@id":"https:\/\/kenerji.net.tr\/index.php\/privacy-policy-2\/#breadcrumb"},"inLanguage":"tr","potentialAction":[{"@type":"ReadAction","target":["https:\/\/kenerji.net.tr\/index.php\/privacy-policy-2\/"]}]},{"@type":"BreadcrumbList","@id":"https:\/\/kenerji.net.tr\/index.php\/privacy-policy-2\/#breadcrumb","itemListElement":[{"@type":"ListItem","position":1,"name":"Anasayfa","item":"https:\/\/kenerji.net.tr\/"},{"@type":"ListItem","position":2,"name":"Gizlilik Politikas\u0131"}]},{"@type":"WebSite","@id":"https:\/\/kenerji.net.tr\/#website","url":"https:\/\/kenerji.net.tr\/","name":"Kenerji.net.tr","description":"Gelece\u011finize Yat\u0131r\u0131m Yap\u0131n !","publisher":{"@id":"https:\/\/kenerji.net.tr\/#organization"},"potentialAction":[{"@type":"SearchAction","target":{"@type":"EntryPoint","urlTemplate":"https:\/\/kenerji.net.tr\/?s={search_term_string}"},"query-input":{"@type":"PropertyValueSpecification","valueRequired":true,"valueName":"search_term_string"}}],"inLanguage":"tr"},{"@type":"Organization","@id":"https:\/\/kenerji.net.tr\/#organization","name":"Kenerji.net.tr","url":"https:\/\/kenerji.net.tr\/","logo":{"@type":"ImageObject","inLanguage":"tr","@id":"https:\/\/kenerji.net.tr\/#\/schema\/logo\/image\/","url":"https:\/\/kenerji.net.tr\/wp-content\/uploads\/2025\/08\/cropped-k2.png","contentUrl":"https:\/\/kenerji.net.tr\/wp-content\/uploads\/2025\/08\/cropped-k2.png","width":500,"height":500,"caption":"Kenerji.net.tr"},"image":{"@id":"https:\/\/kenerji.net.tr\/#\/schema\/logo\/image\/"}}]}},"_links":{"self":[{"href":"https:\/\/kenerji.net.tr\/index.php\/wp-json\/wp\/v2\/pages\/3822","targetHints":{"allow":["GET"]}}],"collection":[{"href":"https:\/\/kenerji.net.tr\/index.php\/wp-json\/wp\/v2\/pages"}],"about":[{"href":"https:\/\/kenerji.net.tr\/index.php\/wp-json\/wp\/v2\/types\/page"}],"author":[{"embeddable":true,"href":"https:\/\/kenerji.net.tr\/index.php\/wp-json\/wp\/v2\/users\/1"}],"replies":[{"embeddable":true,"href":"https:\/\/kenerji.net.tr\/index.php\/wp-json\/wp\/v2\/comments?post=3822"}],"version-history":[{"count":1,"href":"https:\/\/kenerji.net.tr\/index.php\/wp-json\/wp\/v2\/pages\/3822\/revisions"}],"predecessor-version":[{"id":3928,"href":"https:\/\/kenerji.net.tr\/index.php\/wp-json\/wp\/v2\/pages\/3822\/revisions\/3928"}],"wp:attachment":[{"href":"https:\/\/kenerji.net.tr\/index.php\/wp-json\/wp\/v2\/media?parent=3822"}],"curies":[{"name":"wp","href":"https:\/\/api.w.org\/{rel}","templated":true}]}}